{"id":140,"date":"2018-09-28T16:56:10","date_gmt":"2018-09-28T13:56:10","guid":{"rendered":"https:\/\/www.melodata.com\/?page_id=140"},"modified":"2026-02-04T19:00:14","modified_gmt":"2026-02-04T17:00:14","slug":"fl-studio-tee-musiikkia-tietokoneella","status":"publish","type":"page","link":"https:\/\/www.melodata.com\/?page_id=140","title":{"rendered":"FL Studio &#8211; Tee musiikkia tietokoneella"},"content":{"rendered":"<h3><strong>FL Studion perusteet\u00a0<\/strong><\/h3>\n<p><em>Nyt my\u00f6s yksityisopetuksena verkossa!<\/em><\/p>\n<p><a href=\"https:\/\/www.image-line.com\/flstudio\/\" target=\"_blank\" rel=\"noopener noreferrer\">FL Studio<\/a> on musiikkituotanto-atk-ohjelma. Ohjelma on kokonainen virtuaalinen musiikkistudio, joka sis\u00e4lt\u00e4\u00e4 runsaasti erilaisia syntetisaattoreita ja sampleri-instumentteja ja rumpukoneita, joiden avulla voit tehd\u00e4 musiikkia. Instrumentit miksaat yhteen k\u00e4ytt\u00e4en ohjelman monipuolista mikseri\u00e4, johon voit liitt\u00e4\u00e4 runsaasti erilaisia efektej\u00e4 kuten kaikua. Valmiin s\u00e4vellyksesi voit tallentaa esimerkiksi MP3-muotoon ja laittaa vaikka internetiin toisten kuultavaksi.<\/p>\n<p>Musiikkia tietokoneella tehdess\u00e4 ei tarvitse v\u00e4ltt\u00e4m\u00e4tt\u00e4 osata soittaa mit\u00e4\u00e4n instrumenttia eik\u00e4 reaaliaikaisesti tallentaa musiikkia (mik\u00e4 tietenkin on my\u00f6skin mahdollista <em>FL Studiolla<\/em>), vaan musiikki voidaan sy\u00f6tt\u00e4\u00e4 ohjelmaan nuotti kerrallaan ns. &#8217;pianorulla&#8217; -editoriin hiirell\u00e4 klikkaamalla, ja sitten voidaan kokeilla miten lopputulos soi, kun tietokoneen sekvensseri soittaa kappaletta. Korjailla voit mielesi mukaan, kunnes olet tyytyv\u00e4inen. Tietenkin voit my\u00f6s nauhoittaa <em>FL Studio<\/em> -ohjelmalla soittoasi tai lauluasi mikrofonilla. Oman esityksesi voit sitten liitt\u00e4\u00e4 osaksi musiikkikappaletta.<\/p>\n<p><em>FL Studio<\/em> on eritt\u00e4in suosittu <em>Image-Line<\/em> -yhti\u00f6n valmistama musiikkituotanto-ohjelmisto, jolla voit s\u00e4velt\u00e4\u00e4, sovittaa ja \u00e4\u00e4nitt\u00e4\u00e4 musiikkia. K\u00e4yt\u00f6ss\u00e4si on t\u00e4ysmittainen virtuaalinen \u00e4\u00e4nistudio, mikseri, syntetisaattoreita ja efektej\u00e4. Monet t\u00e4m\u00e4n hetken musiikkiartistit ja huipputuottajat k\u00e4ytt\u00e4v\u00e4t FL Studiota p\u00e4\u00e4asiallisena musiikkituotantoty\u00f6kalunaan.<\/p>\n<p><em>FL Studion<\/em> ilmaisen demoversion voit ladata omalle tietokoneellesi <em>Image-Linen<\/em> <a href=\"https:\/\/www.image-line.com\/downloads\/flstudiodownload.html\" target=\"_blank\" rel=\"noopener noreferrer\">lataussivulta<\/a>. Lataa demoversio ja p\u00e4\u00e4set heti kokeilemaan musiikintekemist\u00e4 tietokoneella!<br \/>\nDemoversio on t\u00e4ysimittainen ohjelma, jolla voit kokeilla musiikin tekemist\u00e4. Voit my\u00f6s tallentaa musiikkikappaleesi. Ainoa rajoitus demoversiossa on, ett\u00e4 demoversiolla tallennettua kappaletta ei voi avata uudelleen demoversiolla.<\/p>\n<p>Jos p\u00e4\u00e4t\u00e4t ostaa <em>FL Studion<\/em>, hankinta kannattaa tehd\u00e4 nimenomaan verkon kautta. <em>FL Studiosta<\/em> on saatavissa eri <a href=\"https:\/\/support.image-line.com\/jshop\/shop.php?_ga=2.267979406.1261892629.1538141283-5768230.1530614964\" target=\"_blank\" rel=\"noopener noreferrer\">versioita<\/a>. <em>FL Studion Producer edition<\/em> -version hinta on internetist\u00e4 hankittuna edullinen n. 199 euroa riippuen valuuttakurssin vaihtelusta. T\u00e4m\u00e4 versio on t\u00e4ysin riitt\u00e4v\u00e4 t\u00e4ysimittaiseen musiikintekoon. Kun olet maksanut <em>FL Studiosta<\/em> kerran, k\u00e4ytt\u00f6lisenssi on elinik\u00e4inen. Tulevat p\u00e4ivitykset saat ilmaiseksi! Aika reilua vai mit\u00e4.<br \/>\n<!--\nSeuraavalta sivustolta saat opastusta <em>FL Studion<\/em> lataamiseen, k\u00e4ytt\u00f6\u00f6nottoon ja ostamiseen verkkokaupasta: <a href=\"https:\/\/flstutor.wordpress.com\/\" target=\"_blank\" rel=\"noopener noreferrer\">flstutor.wordpress.com<\/a>\n--><br \/>\n<strong>Annamme opetusta FL Studion k\u00e4yt\u00f6ss\u00e4<\/strong><\/p>\n<p><em>Nyt my\u00f6s yksityisopetus et\u00e4n\u00e4 internetin kautta!<\/em><br \/>\nJokaiseen verkko-opetustuntiin sis\u00e4ltyy lyhyt verkko-materiaalitiivistelm\u00e4.<br \/>\n<em>Verkko-opetus onnistuu parhaiten silloin, kun asiakkaalla on k\u00e4yt\u00f6ss\u00e4\u00e4n kaksi n\u00e4ytt\u00f6\u00e4, jolloin toisella n\u00e4yt\u00f6ll\u00e4 h\u00e4n k\u00e4ytt\u00e4\u00e4 atk-ohjelmistoaan ja toiselta n\u00e4yt\u00f6lt\u00e4 h\u00e4n voi seurata et\u00e4-opettajan opetusta. Yhdell\u00e4kin n\u00e4yt\u00f6ll\u00e4 p\u00e4rj\u00e4\u00e4 kyll\u00e4.<\/em><\/p>\n<p><em>Hinnat:<\/em><\/p>\n<p>&#8211; Yksityistunti 60 min: 46 \u20ac (sis. ALV 25,5%).<\/p>\n<p>&nbsp;<\/p>\n<hr \/>\n<p>Oppilaitokset, koulut, j\u00e4rjest\u00f6t, yhdistykset: Eripituisia kursseja tilauksesta ryhmille!<\/p>\n<p>Ota yhteytt\u00e4 ja kysy lis\u00e4\u00e4 verkko-opetuksestamme!<br \/>\nJouni Mensalo<br \/>\nMedia-assistentti<br \/>\netunimi.sukunimi@melodata.com<br \/>\np. 040-5697427<\/p>\n","protected":false},"excerpt":{"rendered":"<p>FL Studion perusteet\u00a0 Nyt my\u00f6s yksityisopetuksena verkossa! FL Studio on musiikkituotanto-atk-ohjelma. Ohjelma on kokonainen virtuaalinen musiikkistudio, joka sis\u00e4lt\u00e4\u00e4 runsaasti erilaisia syntetisaattoreita ja sampleri-instumentteja ja rumpukoneita, joiden avulla voit tehd\u00e4 musiikkia. Instrumentit miksaat yhteen k\u00e4ytt\u00e4en ohjelman monipuolista mikseri\u00e4, johon voit liitt\u00e4\u00e4 runsaasti erilaisia efektej\u00e4 kuten kaikua. Valmiin s\u00e4vellyksesi voit tallentaa esimerkiksi MP3-muotoon ja laittaa vaikka internetiin &hellip; <a href=\"https:\/\/www.melodata.com\/?page_id=140\" class=\"more-link\">Jatka lukemista<span class=\"screen-reader-text\"> &#8221;FL Studio &#8211; Tee musiikkia tietokoneella&#8221;<\/span><\/a><\/p>\n","protected":false},"author":1,"featured_media":0,"parent":27,"menu_order":0,"comment_status":"closed","ping_status":"closed","template":"","meta":{"footnotes":""},"class_list":["post-140","page","type-page","status-publish","hentry"],"_links":{"self":[{"href":"https:\/\/www.melodata.com\/index.php?rest_route=\/wp\/v2\/pages\/140","targetHints":{"allow":["GET"]}}],"collection":[{"href":"https:\/\/www.melodata.com\/index.php?rest_route=\/wp\/v2\/pages"}],"about":[{"href":"https:\/\/www.melodata.com\/index.php?rest_route=\/wp\/v2\/types\/page"}],"author":[{"embeddable":true,"href":"https:\/\/www.melodata.com\/index.php?rest_route=\/wp\/v2\/users\/1"}],"replies":[{"embeddable":true,"href":"https:\/\/www.melodata.com\/index.php?rest_route=%2Fwp%2Fv2%2Fcomments&post=140"}],"version-history":[{"count":90,"href":"https:\/\/www.melodata.com\/index.php?rest_route=\/wp\/v2\/pages\/140\/revisions"}],"predecessor-version":[{"id":681,"href":"https:\/\/www.melodata.com\/index.php?rest_route=\/wp\/v2\/pages\/140\/revisions\/681"}],"up":[{"embeddable":true,"href":"https:\/\/www.melodata.com\/index.php?rest_route=\/wp\/v2\/pages\/27"}],"wp:attachment":[{"href":"https:\/\/www.melodata.com\/index.php?rest_route=%2Fwp%2Fv2%2Fmedia&parent=140"}],"curies":[{"name":"wp","href":"https:\/\/api.w.org\/{rel}","templated":true}]}}