{"id":3,"date":"2018-06-27T20:04:50","date_gmt":"2018-06-27T17:04:50","guid":{"rendered":"https:\/\/www.melodata.com\/?page_id=3"},"modified":"2019-11-25T18:03:20","modified_gmt":"2019-11-25T16:03:20","slug":"tietosuojaseloste","status":"publish","type":"page","link":"https:\/\/www.melodata.com\/?page_id=3","title":{"rendered":"Tietosuojaseloste"},"content":{"rendered":"<h2>Keit\u00e4 olemme<\/h2>\n<p>Verkkosivustomme osoite on: https:\/\/www.melodata.com.<br \/>\nJulkaisija Melodata Productions. Y-tunnus: 2099793-6.<\/p>\n<h2>Mit\u00e4 henkil\u00f6tietoa ker\u00e4\u00e4mme ja miksi<\/h2>\n<h3>Ev\u00e4steet<\/h3>\n<p>L\u00e4ht\u00f6kohtaisestio t\u00e4m\u00e4 www-sivusto ei ker\u00e4\u00e4 henkil\u00f6tietoa vierailijoista eik\u00e4 tallenna ev\u00e4steit\u00e4.<\/p>\n<h3>Sivuston yll\u00e4pit\u00e4j\u00e4n yhteystiedot<\/h3>\n<p>Melodata Tuotannot<br \/>\nOhjastajankuja 2<br \/>\n32200 LOIMAA<br \/>\nY-tunnus 2099793-6<br \/>\nAlv.rek.<br \/>\nKotipaikka: Loimaa.<\/p>\n<p><strong>Sivustomme webmaster-yhteystieto<\/strong><br \/>\n(kirjoita vastaanottajan kohdalle \u2019info2\u2019):<br \/>\n<em><strong>vastaanottajat\u00e4h\u00e4n@melodata.fi<\/strong><\/em><\/p>\n","protected":false},"excerpt":{"rendered":"<p>Keit\u00e4 olemme Verkkosivustomme osoite on: https:\/\/www.melodata.com. Julkaisija Melodata Productions. Y-tunnus: 2099793-6. Mit\u00e4 henkil\u00f6tietoa ker\u00e4\u00e4mme ja miksi Ev\u00e4steet L\u00e4ht\u00f6kohtaisestio t\u00e4m\u00e4 www-sivusto ei ker\u00e4\u00e4 henkil\u00f6tietoa vierailijoista eik\u00e4 tallenna ev\u00e4steit\u00e4. Sivuston yll\u00e4pit\u00e4j\u00e4n yhteystiedot Melodata Tuotannot Ohjastajankuja 2 32200 LOIMAA Y-tunnus 2099793-6 Alv.rek. Kotipaikka: Loimaa. Sivustomme webmaster-yhteystieto (kirjoita vastaanottajan kohdalle \u2019info2\u2019): vastaanottajat\u00e4h\u00e4n@melodata.fi<\/p>\n","protected":false},"author":1,"featured_media":0,"parent":0,"menu_order":0,"comment_status":"closed","ping_status":"open","template":"","meta":{"footnotes":""},"class_list":["post-3","page","type-page","status-publish","hentry"],"_links":{"self":[{"href":"https:\/\/www.melodata.com\/index.php?rest_route=\/wp\/v2\/pages\/3","targetHints":{"allow":["GET"]}}],"collection":[{"href":"https:\/\/www.melodata.com\/index.php?rest_route=\/wp\/v2\/pages"}],"about":[{"href":"https:\/\/www.melodata.com\/index.php?rest_route=\/wp\/v2\/types\/page"}],"author":[{"embeddable":true,"href":"https:\/\/www.melodata.com\/index.php?rest_route=\/wp\/v2\/users\/1"}],"replies":[{"embeddable":true,"href":"https:\/\/www.melodata.com\/index.php?rest_route=%2Fwp%2Fv2%2Fcomments&post=3"}],"version-history":[{"count":6,"href":"https:\/\/www.melodata.com\/index.php?rest_route=\/wp\/v2\/pages\/3\/revisions"}],"predecessor-version":[{"id":390,"href":"https:\/\/www.melodata.com\/index.php?rest_route=\/wp\/v2\/pages\/3\/revisions\/390"}],"wp:attachment":[{"href":"https:\/\/www.melodata.com\/index.php?rest_route=%2Fwp%2Fv2%2Fmedia&parent=3"}],"curies":[{"name":"wp","href":"https:\/\/api.w.org\/{rel}","templated":true}]}}