{"id":585,"date":"2022-05-09T20:15:53","date_gmt":"2022-05-09T17:15:53","guid":{"rendered":"https:\/\/www.melodata.com\/?page_id=585"},"modified":"2022-05-17T12:09:20","modified_gmt":"2022-05-17T09:09:20","slug":"mika-on-podcast","status":"publish","type":"page","link":"https:\/\/www.melodata.com\/?page_id=585","title":{"rendered":"Mik\u00e4 on Podcast?"},"content":{"rendered":"<p><em>Podcastilla<\/em> tarkoitetaan lyhyesti ilmaistuna internetiss\u00e4 MP3-\u00e4\u00e4nitiedostoina julkaistavaa \u00e4\u00e4niohjelmaa ja yleisimmin nimenomaan puheohjelmaa.<\/p>\n<p>Podcast-ohjelma julkaistaan \u00e4\u00e4nitiedostona, joka on suoraan kuunneltavissa internetsivulla tai tallennettavissa k\u00e4ytt\u00e4j\u00e4n laitteelle (tietokone, tablet, \u00e4lypuhelin). Termi <em>Podcast<\/em> tulee sanoista <em>iPod<\/em> ja <em>broadcasting<\/em>. iPod viittaa mennein\u00e4 vuosina suosittuun MP3-soittimeen, broadcasting taas tarkoittaa perinteist\u00e4 radiol\u00e4hetyst\u00e4 eetteriss\u00e4. Podcastissa n\u00e4m\u00e4 kaksi asiaa on yhdistetty. Podcast voidaan siis m\u00e4\u00e4ritell\u00e4 internetiss\u00e4 MP3-tiedostoina julkaistavaksi &#8217;radio-ohjelmaksi&#8217;. Ero perinteiseen radioon verrattuna on se, ett\u00e4 kuluttaja voi kuunnella (tai ladata) \u00e4\u00e4niohjelman miss\u00e4 ja milloin haluaa joko suoraan tietyn nettisivun mediasoittimella tai esim. mobiilisovelluksen avulla.<\/p>\n<p><em>Podcast<\/em> eroaa perinteisest\u00e4 radio-ohjelmasta my\u00f6s siin\u00e4, ett\u00e4 kuka tahansa voi julkaista podcast-ohjelmaa internetiss\u00e4. Podcastin tuottamiseen ja julkaisemiseen ei tarvita mit\u00e4\u00e4n erityislupia (jos kyse on pelk\u00e4st\u00e4 puheohjelmasta, ei esim. musiikin tekij\u00e4noikeuskysymyksist\u00e4 tarvitse huolehtia). Eik\u00e4 Podcast-ohjelman tuottaminen edes ole vaikeaa, t\u00e4rkeint\u00e4 on, ett\u00e4 sinulla on jotain sanottavaa.<\/p>\n<p>Podcast on puhetta ihmiselt\u00e4 ihmiselle. Podcast voi olla yksinpuhelu, monologi, kahden ihmisen keskustelu tai ryhm\u00e4keskustelu mielenkiintoisesta aiheesta. Podcastin aihe voi olla mik\u00e4 tahansa maan ja taivaan v\u00e4lilt\u00e4, aijankohtainen tai ajaton: Politiikka, urheilu, kulttuuri, taide, tiede, luonto, kissat, koirat, puutarhanhoito tai s\u00e4hk\u00f6kitaran soitto &#8211; ihan mik\u00e4 tahansa!<\/p>\n<p>Podcast voi olla haastatteluohjelmaa, journalismia tai draamaa, kuunnelmaa, tai dramatisoitua dokumenttia, featurea, seikkailua \u00e4\u00e4nien ihmemaailmassa, Ihan mit\u00e4 vaan! Vain mielikuvitus on rajana!<\/p>\n<p>Podcast-ohjelmien m\u00e4\u00e4r\u00e4 n\u00e4ytt\u00e4\u00e4 Suomessa lis\u00e4\u00e4ntyneet r\u00e4j\u00e4hdysm\u00e4isesti. Voi puhua Podcast-buumista. Muualla maailmassa Podcastit ovat olleet arkip\u00e4iv\u00e4\u00e4 jo kauan. My\u00f6skin Suomessa erilaiset instituutiot, yhdistykset ja julkishallinnon yksik\u00f6t sek\u00e4 yksityiset ovat alkaneet tuottaa puheohjelmaa Podcast-muodossa. On huomattu, ett\u00e4 Podcast-ohjelmien avulla voidaan kohtik\u00e4yv\u00e4sti ja kiinnostavasti esitell\u00e4 julkaisijan toimintaa ja tuoda esille syvent\u00e4vi\u00e4 n\u00e4k\u00f6kulmia toiminnan sis\u00e4ll\u00f6n ja laadun suhteen. Podcasteja julkaisevat t\u00e4ll\u00e4 hetkell\u00e4 mm. mediat, yhdistykset, seurakunnat, valtion hallinnon yksik\u00f6t, kirjastot, yritykset ja yksityishenkil\u00f6t ym.<\/p>\n<p>Takaisin <a href=\"https:\/\/www.melodata.com\/\">Mediakoulutussivulle<\/a><\/p>\n","protected":false},"excerpt":{"rendered":"<p>Podcastilla tarkoitetaan lyhyesti ilmaistuna internetiss\u00e4 MP3-\u00e4\u00e4nitiedostoina julkaistavaa \u00e4\u00e4niohjelmaa ja yleisimmin nimenomaan puheohjelmaa. Podcast-ohjelma julkaistaan \u00e4\u00e4nitiedostona, joka on suoraan kuunneltavissa internetsivulla tai tallennettavissa k\u00e4ytt\u00e4j\u00e4n laitteelle (tietokone, tablet, \u00e4lypuhelin). Termi Podcast tulee sanoista iPod ja broadcasting. iPod viittaa mennein\u00e4 vuosina suosittuun MP3-soittimeen, broadcasting taas tarkoittaa perinteist\u00e4 radiol\u00e4hetyst\u00e4 eetteriss\u00e4. Podcastissa n\u00e4m\u00e4 kaksi asiaa on yhdistetty. Podcast voidaan siis &hellip; <a href=\"https:\/\/www.melodata.com\/?page_id=585\" class=\"more-link\">Jatka lukemista<span class=\"screen-reader-text\"> &#8221;Mik\u00e4 on Podcast?&#8221;<\/span><\/a><\/p>\n","protected":false},"author":1,"featured_media":0,"parent":0,"menu_order":0,"comment_status":"closed","ping_status":"closed","template":"","meta":{"footnotes":""},"class_list":["post-585","page","type-page","status-publish","hentry"],"_links":{"self":[{"href":"https:\/\/www.melodata.com\/index.php?rest_route=\/wp\/v2\/pages\/585","targetHints":{"allow":["GET"]}}],"collection":[{"href":"https:\/\/www.melodata.com\/index.php?rest_route=\/wp\/v2\/pages"}],"about":[{"href":"https:\/\/www.melodata.com\/index.php?rest_route=\/wp\/v2\/types\/page"}],"author":[{"embeddable":true,"href":"https:\/\/www.melodata.com\/index.php?rest_route=\/wp\/v2\/users\/1"}],"replies":[{"embeddable":true,"href":"https:\/\/www.melodata.com\/index.php?rest_route=%2Fwp%2Fv2%2Fcomments&post=585"}],"version-history":[{"count":8,"href":"https:\/\/www.melodata.com\/index.php?rest_route=\/wp\/v2\/pages\/585\/revisions"}],"predecessor-version":[{"id":605,"href":"https:\/\/www.melodata.com\/index.php?rest_route=\/wp\/v2\/pages\/585\/revisions\/605"}],"wp:attachment":[{"href":"https:\/\/www.melodata.com\/index.php?rest_route=%2Fwp%2Fv2%2Fmedia&parent=585"}],"curies":[{"name":"wp","href":"https:\/\/api.w.org\/{rel}","templated":true}]}}