{"id":60,"date":"2018-07-02T01:19:12","date_gmt":"2018-07-01T22:19:12","guid":{"rendered":"https:\/\/www.melodata.com\/?page_id=60"},"modified":"2024-10-11T07:01:38","modified_gmt":"2024-10-11T04:01:38","slug":"mediakoulutus","status":"publish","type":"page","link":"https:\/\/www.melodata.com\/","title":{"rendered":"Mediakoulutus"},"content":{"rendered":"<p><strong>Podcastin tekeminen ja podcast-koulutus<\/strong><\/p>\n<p>Meid\u00e4n avullamme saat perustettua oman Podcastin.\u00a0 <em>Yksityistunnit et\u00e4opetuksena internetin kautta!<\/em> Podcast-koulutuksessa k\u00e4ymme l\u00e4pi podcastin tekemisen vaiheet: perustaminen, \u00e4\u00e4nitt\u00e4minen (<em>mikrofonit ja tallentimet<\/em>), editointi (<a href=\"https:\/\/www.audacityteam.org\/\" target=\"_blank\" rel=\"noopener\">Audacity<\/a>) ja julkaisu\u00a0 esim. (<a href=\"https:\/\/podcasters.spotify.com\/\" target=\"_blank\" rel=\"noopener\">Spotify<\/a>, <a href=\"https:\/\/soundcloud.com\/\" target=\"_blank\" rel=\"noopener\">Soundcloud<\/a>).<\/p>\n<p>Oletko toimittaja, joka haluaa oppia audiotaitoja tai blogisti, joka haluaa laajentaa viestint\u00e4\u00e4ns\u00e4 audion ja podcastin puolelle? Oletko podcastin aloittamista suunnitteleva pienyritt\u00e4j\u00e4, taiteilija tai erikoisharrastaja? Haluaako yhdistyksenne tai yhteis\u00f6nne tehd\u00e4 tunnetuksi toimintaansa sek\u00e4 tallentaa ja julkaista \u00e4\u00e4niohjelmia internetiss\u00e4? Haluaisitko kaverin kanssa perustaa ikioman podcastin? Podcastin tekeminen ei ole vaikeaa, l\u00e4hde rohkeasti mukaan podcast-maailmaan!<\/p>\n<p><em>Miten teen <a href=\"https:\/\/www.melodata.com\/?page_id=585\">Podcastia<\/a>, mit\u00e4 tarvitaan Podcast-ohjelman tekemiseen?<\/em><br \/>\nTarvitaan sanoma! Ja sitten: 1) Toimittaja\/haastattelija\/juontaja\/keskustelijat 2) \u00e4\u00e4nityslaitteisto, 3) tietokone ja \u00e4\u00e4nenmuokaus-ohjelmisto, 4) Podcast-ohjelman julkaisukanava internetiss\u00e4. Tuottajatahosta riippuen eri osa-alueista voi vastata eri ihmiset tai vain yksi ihminen.<\/p>\n<p>Me autamme ja opastamme Podcast-tuotannon eri osa-alueilla. Meid\u00e4n avullamme saat pystytetty\u00e4 oman Podcastin. Tilauksesta s\u00e4vell\u00e4mme ja tuotamme Podcast-ohjelmallesi my\u00f6s tunnusmusiikin. Podcastin tekeminen on hauskaa ja aloittaminen helpompaa kuin koskaan! Ota rohkeasti yhteytt\u00e4!<\/p>\n<p><strong>Tervetuloa kurssille!<\/strong><\/p>\n<p><em>Hinnat<\/em>:<br \/>\n&#8211; Koulutus (yksityiset) alkaen 46 euroa\/tunti (sis. ALV 25,5%).<\/p>\n<p><em><strong>Yksityisopetuksena verkossa<\/strong> (esim. Zoom- tai MS Teams-alustalla)!<br \/>\n<\/em>Kysy lis\u00e4\u00e4 verkko-opetuksestamme.<br \/>\n<em>Jokaiseen verkko-opetustuntiin sis\u00e4ltyy lyhyt verkko-materiaalitiivistelm\u00e4.<br \/>\n<\/em>Verkko-opetus onnistuu parhaiten silloin, kun asiakkaalla on k\u00e4yt\u00f6ss\u00e4\u00e4n kaksi n\u00e4ytt\u00f6\u00e4, jolloin toisella n\u00e4yt\u00f6ll\u00e4 h\u00e4n k\u00e4ytt\u00e4\u00e4 atk-ohjelmistoaan ja toiselta n\u00e4yt\u00f6lt\u00e4 h\u00e4n voi seurata et\u00e4-opettajan opetusta. Yhdell\u00e4kin n\u00e4yt\u00f6ll\u00e4 onnistuu.<\/p>\n<p><em>Huom! Oppilaitokset, koulut, j\u00e4rjest\u00f6t, yhdistykset ym. Eripituisia kursseja tilauksesta my\u00f6s ryhmille.<\/em><\/p>\n<p>Katso\u00a0my\u00f6s <a href=\"https:\/\/www.melodata.com\/?page_id=46\" rel=\"noopener noreferrer\">editointi-palvelumme<\/a>.<\/p>\n<p>&nbsp;<\/p>\n<p><!---------------\n<strong>Erityiskurssit:<\/strong>\n<em>Huom! P\u00e4iv\u00e4kurssit koronatilanteen vuoksi toistaiseksi katkolla!<\/em>\n\n- <strong><em>P\u00e4iv\u00e4n kestoinen (8 tuntia) Podcast -intensiivikurssi yksityisopetuksena 220 \u20ac (sis. ALV 24%).<\/em><\/strong>\nLyhytkurssilla tutustutaan Podcastin tekemisen osa-alueisiin: <em>Podcast-laitteisto<\/em> ja -<em>v\u00e4lineet<\/em>, <em>\u00e4\u00e4nitt\u00e4minen<\/em>, <em>editointi<\/em> ja <em>julkaisu<\/em>. \u00c4\u00e4nitt\u00e4misen alkuun p\u00e4\u00e4see hyv\u00e4laatuisella mobiililaitteella, mutta tutustumme kurssilla my\u00f6s digitallentimiin ja eri tyyppisiin mikrofoneihin. \u00c4\u00e4nitteen muokkaus k\u00e4y k\u00e4tev\u00e4sti ilmaisella <a href=\"https:\/\/www.audacityteam.org\/download\/\" target=\"_blank\" rel=\"noopener noreferrer\">Audacity<\/a>-\u00e4\u00e4nenk\u00e4sittelyohjelmalla. Julkaisukanavana toimii hyvin suosittu ilmainen  <a href=\"https:\/\/anchor.fm\/\" target=\"_blank\" rel=\"noopener noreferrer\"><em>anchor.fm<\/em><\/a> tai <a href=\"https:\/\/soundcloud.com\/\" target=\"_blank\" rel=\"noopener noreferrer\"><em>soundcloud.com<\/em><\/a> -palvelu.\nPodcastille on hyv\u00e4 perustaa ihan oma <em>nettisivunsa<\/em>, jolle Podcast-jaksot voidaan linkitt\u00e4\u00e4 ja jolla voidaan tarjota lis\u00e4infoa Podcastista ja sen julkaisijasta. Nettisivut voi perustaa ilmaiseksi <a href=\"https:\/\/WordPress.com\" target=\"_blank\" rel=\"noopener noreferrer\"><em>WordPress.com<\/em><\/a> -palvelussa.\nOpetus l\u00e4htee tarvittaessa aivan alkeista. Intensiivikurssin tavoitteena on p\u00e4iv\u00e4n aikana saada valmiiksi ensimm\u00e4inen Podcast-jakso, joka voidaan halutessa julkaista esim. <em>Soundcloudin<\/em> tai <em>Anchor.fm:n<\/em> kautta ja Podcastin omalla nettisivulla WordPress-palvelussa tai julkaisijan omalla www-sivulla. Mukaan kurssille oma tietokone, mobiililaite (ei pakollinen) ja hyv\u00e4t kuulokkeet.\n\n- <strong><em>P\u00e4iv\u00e4n kestoinen (8 tuntia) Podcast -intensiivi-jatkokurssi yksityisopetuksena 220 \u20ac (sis. ALV 24%).<\/em><\/strong>\nJatkokurssilla keskityt\u00e4\u00e4n johonkin Podcastin tekemisen osa-alueeseen asiakkaan kiinnostuksen mukaan: <em>Podcast-laitteistovaihtoehdot, \u00e4\u00e4nitt\u00e4minen<\/em> (esim. Mobiili- ja Skype-puhelun \u00e4\u00e4nitt\u00e4minen, haastattelutekniikat, ryhm\u00e4keskustelun \u00e4\u00e4nitt\u00e4minen jne.), <em>editointi<\/em> (Audacity-editointi-ohjelman erikoisominaisuudet, erilaisten ohjelmatyyppien koostaminen, <em>julkaisu<\/em> (Soundcloud, WordPress-blogin perustaminen ja p\u00e4ivitt\u00e4minen).\n\n<em><strong>HUOM! Kaveri-ALE:\u00a0 <\/strong>Pyyd\u00e4 intensiivikurssille kaveri mukaan, jolloin saatte kurssin hinnaksi 160 \u20ac \/hkl\u00f6. Rekrytoi kaksi kaveria mukaan, jolloin p\u00e4iv\u00e4n kurssin hinta on kolmen ryhm\u00e4lle 107 \u20ac \/ hkl\u00f6. Vastaavasti nelj\u00e4n ryhm\u00e4lle 80 \u20ac \/ hkl\u00f6! (Hinnat sis. ALV. 24%)\n\n<em>Koulutukset p\u00e4\u00e4asiallisesti Loimaalla. Sopimuksen mukaan koulutukset mahdollisia my\u00f6s asiakkaan luona Loimaan alueen ulkopuolella muualla Suomessa. T\u00e4ll\u00f6in hinnoitteluun lis\u00e4t\u00e4\u00e4n matka-, p\u00e4iv\u00e4raha ym. mahdolliset kulut. Kysy ja pyyd\u00e4 tarjous!<\/em>\n\n<strong><em>Yhteis\u00f6t, yritykset, yhdistykset ja oppilaitokset: Pyyd\u00e4 tarjous lyhytkurssista (my\u00f6s viikonloppukurssit mahdollisia)!<\/em><\/strong>\n-------><\/p>\n<hr \/>\n<p><!-----\n<em><strong>Jos haluat toteuttaa podcast-ohjelmasi mahdollisimman mutkattomasti...<\/strong><\/em>\n<em>Helpoimmalla podcastin teossa p\u00e4\u00e4see, kun tulee ja istuu mikrofonin eteen ja alkaa puhua. Me hoidamme\u00a0 \u00e4\u00e4nityksen, editoinnin ja toimittamisen podcast-julkaisupalveluun\u00a0 kuten <em>Soundcloud<\/em> ja <em>Anchor.fm<\/em>, joista podcast voidaan linkitt\u00e4\u00e4 esim. Spotifyn ja Applen palveluihin.\n----><\/p>\n<p>Ota yhteytt\u00e4!<\/p>\n<p><strong>Jouni Mensalo<\/strong><br \/>\nMedia-assistentti<br \/>\np. 040-5697427<em><br \/>\n<\/em>email: etunimi.sukunimi@melodata.com<br \/>\nLoimaa<\/p>\n<hr \/>\n<p>Vinkkej\u00e4 oman podcastin perustamiseen saat my\u00f6s seuraavalta sivustoltamme:<br \/>\n<a href=\"https:\/\/www.podcastauditorio.com\" target=\"_blank\" rel=\"noopener noreferrer\"><em>https:\/\/www.podcastauditorio.com\/<\/em><\/a><\/p>\n","protected":false},"excerpt":{"rendered":"<p>Podcastin tekeminen ja podcast-koulutus Meid\u00e4n avullamme saat perustettua oman Podcastin.\u00a0 Yksityistunnit et\u00e4opetuksena internetin kautta! Podcast-koulutuksessa k\u00e4ymme l\u00e4pi podcastin tekemisen vaiheet: perustaminen, \u00e4\u00e4nitt\u00e4minen (mikrofonit ja tallentimet), editointi (Audacity) ja julkaisu\u00a0 esim. (Spotify, Soundcloud). Oletko toimittaja, joka haluaa oppia audiotaitoja tai blogisti, joka haluaa laajentaa viestint\u00e4\u00e4ns\u00e4 audion ja podcastin puolelle? Oletko podcastin aloittamista suunnitteleva pienyritt\u00e4j\u00e4, taiteilija tai &hellip; <a href=\"https:\/\/www.melodata.com\/\" class=\"more-link\">Jatka lukemista<span class=\"screen-reader-text\"> &#8221;Mediakoulutus&#8221;<\/span><\/a><\/p>\n","protected":false},"author":1,"featured_media":0,"parent":0,"menu_order":0,"comment_status":"closed","ping_status":"closed","template":"","meta":{"footnotes":""},"class_list":["post-60","page","type-page","status-publish","hentry"],"_links":{"self":[{"href":"https:\/\/www.melodata.com\/index.php?rest_route=\/wp\/v2\/pages\/60","targetHints":{"allow":["GET"]}}],"collection":[{"href":"https:\/\/www.melodata.com\/index.php?rest_route=\/wp\/v2\/pages"}],"about":[{"href":"https:\/\/www.melodata.com\/index.php?rest_route=\/wp\/v2\/types\/page"}],"author":[{"embeddable":true,"href":"https:\/\/www.melodata.com\/index.php?rest_route=\/wp\/v2\/users\/1"}],"replies":[{"embeddable":true,"href":"https:\/\/www.melodata.com\/index.php?rest_route=%2Fwp%2Fv2%2Fcomments&post=60"}],"version-history":[{"count":187,"href":"https:\/\/www.melodata.com\/index.php?rest_route=\/wp\/v2\/pages\/60\/revisions"}],"predecessor-version":[{"id":661,"href":"https:\/\/www.melodata.com\/index.php?rest_route=\/wp\/v2\/pages\/60\/revisions\/661"}],"wp:attachment":[{"href":"https:\/\/www.melodata.com\/index.php?rest_route=%2Fwp%2Fv2%2Fmedia&parent=60"}],"curies":[{"name":"wp","href":"https:\/\/api.w.org\/{rel}","templated":true}]}}